{"id":38,"date":"2018-03-07T14:19:33","date_gmt":"2018-03-07T14:19:33","guid":{"rendered":"http:\/\/themes.muffingroup.com\/be\/dietitian2\/?page_id=2"},"modified":"2026-02-18T05:38:46","modified_gmt":"2026-02-18T05:38:46","slug":"home","status":"publish","type":"page","link":"https:\/\/www.barrasypuntos.com\/inicio\/","title":{"rendered":"inicio"},"content":{"rendered":"<p>[vc_row 0=\u00bb\u00bb][vc_column 0=\u00bb\u00bb][vc_empty_space]<div class=\"fancy_heading fancy_heading_line\"><h2 class=\"title\">Automatizaci\u00f3n de procesos con c\u00f3digo de barras.<\/h2><div class=\"inside\"><big>Tu mejor proveedor de Equipos para c\u00f3digo de barras<br \/>\nConsumibles para impresoras de ticket, etiquetas, ribbons &#8230;<br \/>\nSoftware para control de punto de venta<br \/>\ny Servicio T\u00e9cnico.<\/div><\/div>\n[\/vc_column][\/vc_row][vc_row full_width=\u00bbstretch_row_content\u00bb content_placement=\u00bbmiddle\u00bb css=\u00bb.vc_custom_1771393167630{padding-right: 20px !important;padding-left: 20px !important;background-color: #f4eff0 !important;}\u00bb el_id=\u00bbid=nosotros\u00bb][vc_column width=\u00bb2\/3&#8243;][vc_column_text css_animation=\u00bbleft-to-right\u00bb]<\/big><\/p>\n<h4><strong>Somos una compa\u00f1\u00eda que se dedica a proveer a la industria en general de bienes para la automatizaci\u00f3n de procesos.<\/strong><\/h4>\n<ul>\n<li>Inventarios, Control de ruta, Activos fijos, Punto de venta, Control de acceso.<\/li>\n<li>A\u00f1os de experiencia en el sector hace de BARRAS Y PUNTOS una opci\u00f3n confiable en la resoluci\u00f3n de sus problemas de automatizaci\u00f3n de procesos, control de flujos de entrada y salida de mercanc\u00eda, dinero, registros, inventarios, etiquetado codificado para un mejor control de su negocio.<\/li>\n<li>Implementaciones con las mejores marcas del mercado, avaladas y garantizadas para un alto y \u00f3ptimo rendimiento, desde peque\u00f1o negocio hasta niveles de producci\u00f3n y maquila que necesitan las grandes empresas.<\/li>\n<li>Disponemos de talleres para reparaci\u00f3n, soporte y mantenimiento de los equipos, todo con la confianza puesta en\u00a0 nuestros expertos ingenieros que elaboran un plan de trabajo organizado para que sus equipos se encuentren al 100 % siempre.<\/li>\n<\/ul>\n<p style=\"text-align: left;\">[\/vc_column_text][vc_empty_space height=\u00bb22px\u00bb]<div id=\"uvc-type-wrap-3481\"  data-ultimate-target='#uvc-type-wrap-3481'  data-responsive-json-new='{\"font-size\":\"desktop:20px;\",\"line-height\":\"desktop:25px;\"}'  class=\"uvc-type-wrap  ult-adjust-bottom-margin ult-responsive  uvc-type-align-center uvc-type-no-prefix uvc-wrap-76408829669e35865248cd\" style=\"font-weight:bold;text-align:center;\"><span id=\"typed-76408829669e35865248cd\" class=\"ultimate-typed-main \" style=\"\"><\/span><script type=\"text\/javascript\"> jQuery(function($){ $(\"#typed-76408829669e35865248cd\").typed({\n\t\t\t\t\t\t\t\tstrings: [\"\",\"Honradez \u2022 Calidad \u2022 Garant\u00eda \u2022 Trato cordial \u2022 Profesionalismo \u2022 Puntualidad \u2022 Dedicaci\u00f3n\"],\n\t\t\t\t\t\t\t\ttypeSpeed: 35,\n\t\t\t\t\t\t\t\tbackSpeed: 0,\n\t\t\t\t\t\t\t\tstartDelay: 200,\n\t\t\t\t\t\t\t\tbackDelay: 1500,\n\t\t\t\t\t\t\t\tloop: false,\n\t\t\t\t\t\t\t\tloopCount: false,\n\t\t\t\t\t\t\t\tshowCursor: false,\n\t\t\t\t\t\t\t\tcursorChar: \"|\",\n\t\t\t\t\t\t\t\tattr: null\n\t\t\t\t\t\t\t});\n\t\t\t\t\t\t});\n\t\t\t\t\t<\/script><\/div>[\/vc_column][vc_column width=\u00bb1\/3&#8243;][vc_single_image image=\u00bb101&#8243; img_size=\u00bblarge\u00bb alignment=\u00bbcenter\u00bb css_animation=\u00bbappear\u00bb][\/vc_column][\/vc_row][vc_row full_width=\u00bbstretch_row_content_no_spaces\u00bb content_placement=\u00bbmiddle\u00bb parallax=\u00bbcontent-moving\u00bb parallax_image=\u00bb111&#8243; parallax_speed_bg=\u00bb2&#8243; bg_type=\u00bbimage\u00bb parallax_style=\u00bbvcpb-vz-jquery\u00bb bg_image_repeat=\u00bbno-repeat\u00bb bg_img_attach=\u00bbfixed\u00bb el_id=\u00bbservicios\u00bb][vc_column][vc_row_inner content_placement=\u00bbmiddle\u00bb][vc_column_inner width=\u00bb1\/2&#8243;][vc_column_text 0=\u00bb\u00bb]<\/h5>\n<h4 style=\"text-align: center;\"><span style=\"color: #ffffff;\">Atenci\u00f3n personalizada<\/span><br \/>\n<span style=\"color: #ffffff;\">Expertos en c\u00f3digo de barras<\/span><br \/>\n<span style=\"color: #ffffff;\">Automatizaci\u00f3n inteligente<\/span><br \/>\n<span style=\"color: #ffffff;\">Marcas reconocidas<\/span><br \/>\n<span style=\"color: #ffffff;\">Calidad y precio<\/span><br \/>\n<span style=\"color: #ffffff;\">Servicio garantizado<\/span><\/h4>\n<p>[\/vc_column_text][\/vc_column_inner][vc_column_inner width=\u00bb1\/2&#8243;][vc_column_text 0=\u00bb\u00bb]<\/p>\n<h4 style=\"text-align: center;\"><span style=\"color: #ffffff;\"><strong>Punto de venta<\/strong><\/span><br \/>\n<span style=\"color: #ffffff;\"><strong>Reparaci\u00f3n y mantenimiento<\/strong><\/span><br \/>\n<span style=\"color: #ffffff;\"><strong>Automatizaci\u00f3n de procesos con c\u00f3digo de barras<\/strong><\/span><br \/>\n<span style=\"color: #ffffff;\"><strong>Etiquetas standard y especiales<\/strong><\/span><br \/>\n<span style=\"color: #ffffff;\"><strong>Ribbons<\/strong><\/span><\/h4>\n<p>[\/vc_column_text][\/vc_column_inner][\/vc_row_inner][\/vc_column][\/vc_row][vc_row full_width=\u00bbstretch_row_content\u00bb content_placement=\u00bbmiddle\u00bb el_id=\u00bbproductos\u00bb][vc_column][vc_row_inner content_placement=\u00bbmiddle\u00bb el_id=\u00bbproductos\u00bb][vc_column_inner][vc_column_text css=\u00bb.vc_custom_1612142136927{padding-top: 10px !important;padding-bottom: 10px !important;background-color: rgba(239,239,239,0.51) !important;*background-color: rgb(239,239,239) !important;}\u00bb]<\/p>\n<h3 style=\"text-align: center;\"><strong><span style=\"color: #00ccff;\">PRODUCTOS<\/span><\/strong><\/h3>\n<p>[\/vc_column_text][\/vc_column_inner][\/vc_row_inner][vc_row_inner][vc_column_inner][vc_column_text el_class=\u00bbbig\u00bb]<\/p>\n<h4 style=\"text-align: center;\">Sistemas para:<\/h4>\n<h5 style=\"text-align: center;\">Control de inventarios, caja, cuentas por cobrar, cuentas por pagar, multimoneda,<br \/>\nc\u00f3digo de barras, facturaci\u00f3n, tickets, notas de venta, bancos, f\u00e1cil, r\u00e1pido y preciso.<\/h5>\n<p>[\/vc_column_text]<div id=\"ult-carousel-170065337969e3586524a60\" class=\"ult-carousel-wrapper   ult_horizontal\" data-gutter=\"15\" data-rtl=\"false\" ><div class=\"ult-carousel-73365572769e35865249c9 \" >[vc_single_image image=\u00bb197&#8243; img_size=\u00bbfull\u00bb alignment=\u00bbcenter\u00bb][vc_single_image image=\u00bb198&#8243; img_size=\u00bbfull\u00bb alignment=\u00bbcenter\u00bb]<\/div><\/div>\t\t\t<script type=\"text\/javascript\">\n\t\t\t\tjQuery(document).ready(function ($) {\n\t\t\t\t\t$('.ult-carousel-73365572769e35865249c9').slick({dots: false,autoplay: true,autoplaySpeed: 2000,speed: 1000,infinite: true,arrows: false,slidesToScroll:2,slidesToShow:2,swipe: true,draggable: true,touchMove: true,pauseOnHover: false,responsive: [\n\t\t\t\t\t\t\t{\n\t\t\t\t\t\t\t  breakpoint: 1025,\n\t\t\t\t\t\t\t  settings: {\n\t\t\t\t\t\t\t\tslidesToShow: 2,\n\t\t\t\t\t\t\t\tslidesToScroll: 2,  \n\t\t\t\t\t\t\t  }\n\t\t\t\t\t\t\t},\n\t\t\t\t\t\t\t{\n\t\t\t\t\t\t\t  breakpoint: 769,\n\t\t\t\t\t\t\t  settings: {\n\t\t\t\t\t\t\t\tslidesToShow: 2,\n\t\t\t\t\t\t\t\tslidesToScroll: 2\n\t\t\t\t\t\t\t  }\n\t\t\t\t\t\t\t},\n\t\t\t\t\t\t\t{\n\t\t\t\t\t\t\t  breakpoint: 481,\n\t\t\t\t\t\t\t  settings: {\n\t\t\t\t\t\t\t\tslidesToShow: 1,\n\t\t\t\t\t\t\t\tslidesToScroll: 1\n\t\t\t\t\t\t\t  }\n\t\t\t\t\t\t\t}\n\t\t\t\t\t\t],pauseOnDotsHover: true,customPaging: function(slider, i) {\n                   return '<i type=\"button\" style=&quot;color:#333333;&quot; class=\"ultsl-record\" data-role=\"none\"><\/i>';\n                },});\n\t\t\t\t});\n\t\t\t<\/script>\n\t\t\t[\/vc_column_inner][\/vc_row_inner][vc_row_inner content_placement=\u00bbmiddle\u00bb][vc_column_inner 0=\u00bb\u00bb][vc_column_text]<\/p>\n<h4 style=\"text-align: center;\">Gran variedad de productos y consumibles<\/h4>\n<p>[\/vc_column_text]<div id=\"ult-carousel-123508661269e3586524abc\" class=\"ult-carousel-wrapper   ult_horizontal\" data-gutter=\"15\" data-rtl=\"false\" ><div class=\"ult-carousel-114053711369e3586524aac \" >[vc_single_image image=\u00bb183&#8243; img_size=\u00bbfull\u00bb alignment=\u00bbcenter\u00bb][vc_single_image image=\u00bb184&#8243; img_size=\u00bbfull\u00bb alignment=\u00bbcenter\u00bb][vc_single_image image=\u00bb185&#8243; img_size=\u00bbfull\u00bb alignment=\u00bbcenter\u00bb][vc_single_image image=\u00bb186&#8243; img_size=\u00bbfull\u00bb alignment=\u00bbcenter\u00bb][vc_single_image image=\u00bb187&#8243; img_size=\u00bbfull\u00bb alignment=\u00bbcenter\u00bb][vc_single_image image=\u00bb188&#8243; img_size=\u00bbfull\u00bb alignment=\u00bbcenter\u00bb][vc_single_image image=\u00bb189&#8243; img_size=\u00bbfull\u00bb alignment=\u00bbcenter\u00bb][vc_single_image image=\u00bb190&#8243; img_size=\u00bbfull\u00bb alignment=\u00bbcenter\u00bb][vc_single_image image=\u00bb191&#8243; img_size=\u00bbfull\u00bb alignment=\u00bbcenter\u00bb][vc_single_image image=\u00bb192&#8243; img_size=\u00bbmedium\u00bb alignment=\u00bbcenter\u00bb][vc_single_image image=\u00bb193&#8243; img_size=\u00bbfull\u00bb alignment=\u00bbcenter\u00bb][vc_single_image image=\u00bb194&#8243; img_size=\u00bbfull\u00bb alignment=\u00bbcenter\u00bb]<\/div><\/div>\t\t\t<script type=\"text\/javascript\">\n\t\t\t\tjQuery(document).ready(function ($) {\n\t\t\t\t\t$('.ult-carousel-114053711369e3586524aac').slick({dots: false,autoplay: true,autoplaySpeed: 2000,speed: 3000,infinite: true,arrows: false,slidesToScroll:3,slidesToShow:3,swipe: true,draggable: true,touchMove: true,pauseOnHover: false,responsive: [\n\t\t\t\t\t\t\t{\n\t\t\t\t\t\t\t  breakpoint: 1025,\n\t\t\t\t\t\t\t  settings: {\n\t\t\t\t\t\t\t\tslidesToShow: 3,\n\t\t\t\t\t\t\t\tslidesToScroll: 3,  \n\t\t\t\t\t\t\t  }\n\t\t\t\t\t\t\t},\n\t\t\t\t\t\t\t{\n\t\t\t\t\t\t\t  breakpoint: 769,\n\t\t\t\t\t\t\t  settings: {\n\t\t\t\t\t\t\t\tslidesToShow: 3,\n\t\t\t\t\t\t\t\tslidesToScroll: 3\n\t\t\t\t\t\t\t  }\n\t\t\t\t\t\t\t},\n\t\t\t\t\t\t\t{\n\t\t\t\t\t\t\t  breakpoint: 481,\n\t\t\t\t\t\t\t  settings: {\n\t\t\t\t\t\t\t\tslidesToShow: 2,\n\t\t\t\t\t\t\t\tslidesToScroll: 2\n\t\t\t\t\t\t\t  }\n\t\t\t\t\t\t\t}\n\t\t\t\t\t\t],pauseOnDotsHover: true,customPaging: function(slider, i) {\n                   return '<i type=\"button\" style=&quot;color:#333333;&quot; class=\"ultsl-record\" data-role=\"none\"><\/i>';\n                },});\n\t\t\t\t});\n\t\t\t<\/script>\n\t\t\t[vc_column_text el_class=\u00bbbig\u00bb]<\/p>\n<p style=\"text-align: center;\">Lectores \u2022 Caj\u00f3n de dinero \u2022 Impresora de c\u00f3digos de barras \u2022 Impresora de tickets \u2022 Terminales \u2022 Touch screen \u2022 Etiquetas \u2022\u00a0 Colectora de datos<\/p>\n<p>[\/vc_column_text][\/vc_column_inner][\/vc_row_inner][vc_row_inner 0=\u00bb\u00bb][vc_column_inner 0=\u00bb\u00bb][vc_column_text]<\/p>\n<h4 style=\"text-align: center;\">Las mejores marcas s\u00f3lo para usted<\/h4>\n<p>[\/vc_column_text]<div id=\"ult-carousel-183963014969e3586524b00\" class=\"ult-carousel-wrapper   ult_horizontal\" data-gutter=\"15\" data-rtl=\"false\" ><div class=\"ult-carousel-58534201469e3586524af3 \" >[vc_single_image image=\u00bb83&#8243; img_size=\u00bbfull\u00bb alignment=\u00bbcenter\u00bb][vc_single_image image=\u00bb72&#8243; img_size=\u00bbfull\u00bb alignment=\u00bbcenter\u00bb][vc_single_image image=\u00bb78&#8243; img_size=\u00bbfull\u00bb alignment=\u00bbcenter\u00bb][vc_single_image image=\u00bb77&#8243; img_size=\u00bbfull\u00bb alignment=\u00bbcenter\u00bb][vc_single_image image=\u00bb73&#8243; img_size=\u00bbfull\u00bb alignment=\u00bbcenter\u00bb][vc_single_image image=\u00bb74&#8243; img_size=\u00bbfull\u00bb alignment=\u00bbcenter\u00bb][vc_single_image image=\u00bb76&#8243; img_size=\u00bbfull\u00bb alignment=\u00bbcenter\u00bb][vc_single_image image=\u00bb75&#8243; img_size=\u00bbfull\u00bb alignment=\u00bbcenter\u00bb]<\/div><\/div>\t\t\t<script type=\"text\/javascript\">\n\t\t\t\tjQuery(document).ready(function ($) {\n\t\t\t\t\t$('.ult-carousel-58534201469e3586524af3').slick({dots: false,autoplay: true,autoplaySpeed: 2000,speed: 3000,infinite: true,arrows: false,slidesToScroll:3,slidesToShow:3,swipe: true,draggable: true,touchMove: true,pauseOnHover: false,responsive: [\n\t\t\t\t\t\t\t{\n\t\t\t\t\t\t\t  breakpoint: 1025,\n\t\t\t\t\t\t\t  settings: {\n\t\t\t\t\t\t\t\tslidesToShow: 3,\n\t\t\t\t\t\t\t\tslidesToScroll: 3,  \n\t\t\t\t\t\t\t  }\n\t\t\t\t\t\t\t},\n\t\t\t\t\t\t\t{\n\t\t\t\t\t\t\t  breakpoint: 769,\n\t\t\t\t\t\t\t  settings: {\n\t\t\t\t\t\t\t\tslidesToShow: 3,\n\t\t\t\t\t\t\t\tslidesToScroll: 3\n\t\t\t\t\t\t\t  }\n\t\t\t\t\t\t\t},\n\t\t\t\t\t\t\t{\n\t\t\t\t\t\t\t  breakpoint: 481,\n\t\t\t\t\t\t\t  settings: {\n\t\t\t\t\t\t\t\tslidesToShow: 2,\n\t\t\t\t\t\t\t\tslidesToScroll: 2\n\t\t\t\t\t\t\t  }\n\t\t\t\t\t\t\t}\n\t\t\t\t\t\t],pauseOnDotsHover: true,customPaging: function(slider, i) {\n                   return '<i type=\"button\" style=&quot;color:#333333;&quot; class=\"ultsl-record\" data-role=\"none\"><\/i>';\n                },});\n\t\t\t\t});\n\t\t\t<\/script>\n\t\t\t[\/vc_column_inner][\/vc_row_inner][\/vc_column][\/vc_row][vc_row full_width=\u00bbstretch_row_content_no_spaces\u00bb content_placement=\u00bbmiddle\u00bb el_id=\u00bbpagos\u00bb][vc_column][vc_column_text css=\u00bb.vc_custom_1612384979061{padding-top: 60px !important;background-color: rgba(239,239,239,0.51) !important;*background-color: rgb(239,239,239) !important;}\u00bb]<\/p>\n<h3 style=\"text-align: center;\"><span style=\"color: #00ccff;\"><strong>DATOS BANCARIOS PARA PAGOS<\/strong><\/span><\/h3>\n<p style=\"text-align: center;\"><strong>ESTEBAN ALATORRE 1480-A<\/strong><br \/>\n<strong>GUADALAJARA, JALISCO &#8211; M\u00c9XICO<\/strong><br \/>\n<strong>CP 44380\u00a0 \u00a0RFC:\u00a0 BPU030616CC6<\/strong><\/p>\n<p>&nbsp;[\/vc_column_text][vc_row_inner][vc_column_inner width=\u00bb1\/3&#8243;][vc_cta h2=\u00bb\u00bb txt_align=\u00bbcenter\u00bb color=\u00bbmulled-wine\u00bb css_animation=\u00bbleft-to-right\u00bb el_class=\u00bbbig\u00bb]<\/p>\n<p style=\"text-align: center;\"><img loading=\"lazy\" decoding=\"async\" class=\"size-full wp-image-153 aligncenter\" src=\"http:\/\/www.barrasypuntos.com\/inicio\/wp-content\/uploads\/2021\/01\/banamex-1.png\" alt=\"\" width=\"232\" height=\"48\" srcset=\"https:\/\/www.barrasypuntos.com\/inicio\/wp-content\/uploads\/2021\/01\/banamex-1.png 232w, https:\/\/www.barrasypuntos.com\/inicio\/wp-content\/uploads\/2021\/01\/banamex-1-50x10.png 50w, https:\/\/www.barrasypuntos.com\/inicio\/wp-content\/uploads\/2021\/01\/banamex-1-150x31.png 150w\" sizes=\"(max-width: 232px) 100vw, 232px\" \/><br \/>\n<strong>CUENTA EN PESOS<\/strong><\/p>\n<p style=\"text-align: center;\"><strong>CUENTA<\/strong><br \/>\n567 5504794<br \/>\n<strong>CLABE INTERBANCARIA<\/strong><br \/>\n002320056755047943<\/p>\n<p>[\/vc_cta][\/vc_column_inner][vc_column_inner width=\u00bb1\/3&#8243;][vc_cta h2=\u00bb\u00bb txt_align=\u00bbcenter\u00bb color=\u00bbmulled-wine\u00bb css_animation=\u00bbbottom-to-top\u00bb el_class=\u00bbbig\u00bb css=\u00bb.vc_custom_1612075069557{background-color: rgba(135,165,191,0.16) !important;*background-color: rgb(135,165,191) !important;}\u00bb]<\/p>\n<p style=\"text-align: center;\"><img loading=\"lazy\" decoding=\"async\" class=\"size-full wp-image-153 aligncenter\" src=\"http:\/\/www.barrasypuntos.com\/inicio\/wp-content\/uploads\/2021\/01\/banamex-1.png\" alt=\"\" width=\"232\" height=\"48\" srcset=\"https:\/\/www.barrasypuntos.com\/inicio\/wp-content\/uploads\/2021\/01\/banamex-1.png 232w, https:\/\/www.barrasypuntos.com\/inicio\/wp-content\/uploads\/2021\/01\/banamex-1-50x10.png 50w, https:\/\/www.barrasypuntos.com\/inicio\/wp-content\/uploads\/2021\/01\/banamex-1-150x31.png 150w\" sizes=\"(max-width: 232px) 100vw, 232px\" \/><br \/>\n<strong>CUENTA EN DOLARES<\/strong><\/p>\n<p style=\"text-align: center;\"><strong>CUENTA<\/strong><br \/>\n567 9627076<br \/>\n<strong>CLABE INTERBANCARIA<\/strong><br \/>\n002320056796270766<\/p>\n<p>[\/vc_cta][\/vc_column_inner][vc_column_inner width=\u00bb1\/3&#8243;][vc_cta h2=\u00bb\u00bb txt_align=\u00bbcenter\u00bb color=\u00bbmulled-wine\u00bb css_animation=\u00bbright-to-left\u00bb el_class=\u00bbbig\u00bb css=\u00bb.vc_custom_1612075047413{background-color: rgba(255,205,58,0.24) !important;*background-color: rgb(255,205,58) !important;}\u00bb]<\/p>\n<p style=\"text-align: center;\"><img loading=\"lazy\" decoding=\"async\" class=\"alignnone wp-image-154 size-full\" src=\"http:\/\/www.barrasypuntos.com\/inicio\/wp-content\/uploads\/2021\/01\/bbva.png\" alt=\"\" width=\"232\" height=\"48\" srcset=\"https:\/\/www.barrasypuntos.com\/inicio\/wp-content\/uploads\/2021\/01\/bbva.png 232w, https:\/\/www.barrasypuntos.com\/inicio\/wp-content\/uploads\/2021\/01\/bbva-50x10.png 50w, https:\/\/www.barrasypuntos.com\/inicio\/wp-content\/uploads\/2021\/01\/bbva-150x31.png 150w\" sizes=\"(max-width: 232px) 100vw, 232px\" \/><\/p>\n<p style=\"text-align: center;\"><strong>CUENTA EN PESOS<\/strong><\/p>\n<p style=\"text-align: center;\"><strong>CUENTA<\/strong><br \/>\n0181540696<br \/>\n<strong>CLABE INTERBANCARIA<\/strong><br \/>\n012320001815406964<\/p>\n<p>[\/vc_cta][\/vc_column_inner][\/vc_row_inner][\/vc_column][\/vc_row][vc_row full_width=\u00bbstretch_row_content\u00bb content_placement=\u00bbmiddle\u00bb el_id=\u00bbcontacto\u00bb][vc_column][vc_column_text css=\u00bb.vc_custom_1612074910235{background-color: rgba(239,239,239,0.51) !important;*background-color: rgb(239,239,239) !important;}\u00bb]<img loading=\"lazy\" decoding=\"async\" class=\"aligncenter wp-image-67 \" src=\"http:\/\/www.barrasypuntos.com\/inicio\/wp-content\/uploads\/2021\/01\/logo-1024x155.png\" alt=\"\" width=\"471\" height=\"71\" srcset=\"https:\/\/www.barrasypuntos.com\/inicio\/wp-content\/uploads\/2021\/01\/logo-1024x155.png 1024w, https:\/\/www.barrasypuntos.com\/inicio\/wp-content\/uploads\/2021\/01\/logo-300x45.png 300w, https:\/\/www.barrasypuntos.com\/inicio\/wp-content\/uploads\/2021\/01\/logo-768x116.png 768w, https:\/\/www.barrasypuntos.com\/inicio\/wp-content\/uploads\/2021\/01\/logo-260x39.png 260w, https:\/\/www.barrasypuntos.com\/inicio\/wp-content\/uploads\/2021\/01\/logo-50x8.png 50w, https:\/\/www.barrasypuntos.com\/inicio\/wp-content\/uploads\/2021\/01\/logo-150x23.png 150w, https:\/\/www.barrasypuntos.com\/inicio\/wp-content\/uploads\/2021\/01\/logo.png 1422w\" sizes=\"(max-width: 471px) 100vw, 471px\" \/>[\/vc_column_text][vc_column_text css=\u00bb.vc_custom_1612078023712{padding-right: 15px !important;padding-left: 15px !important;}\u00bb]<\/p>\n<h5 class=\"text-align: center;\" style=\"text-align: center;\"><strong>En BARRAS Y PUNTOS siempre estamos en contacto con nuestros clientes para dar una respuesta a cada uno de sus requerimientos.<\/strong><\/h5>\n<h5 style=\"text-align: center;\"><strong>Por favor llene este formulario o cont\u00e1ctenos v\u00eda telef\u00f3nica y con gusto le atenderemos a la brevedad posible.<\/strong><\/h5>\n<p style=\"text-align: center;\">[\/vc_column_text][vc_row_inner content_placement=\u00bbmiddle\u00bb css=\u00bb.vc_custom_1612079537722{padding-right: 15px !important;padding-left: 15px !important;background-color: rgba(239,239,239,0.27) !important;*background-color: rgb(239,239,239) !important;}\u00bb][vc_column_inner width=\u00bb1\/3&#8243;][vc_column_text 0=\u00bb\u00bb]<div class=\"forminator-ui forminator-custom-form forminator-custom-form-163 forminator-design--flat  forminator_ajax\" data-forminator-render=\"0\" data-form=\"forminator-module-163\"><br\/><\/div><form\n\t\t\t\tid=\"forminator-module-163\"\n\t\t\t\tclass=\"forminator-ui forminator-custom-form forminator-custom-form-163 forminator-design--flat  forminator_ajax\"\n\t\t\t\taction=\"\"\n\t\t\t\tmethod=\"post\"\n\t\t\t\tdata-forminator-render=\"0\"\n\t\t\t\tdata-form-id=\"163\"\n\t\t\t\t\n\t\t\t\tdata-design=\"flat\"\n\t\t\t\t\n\t\t\t\t\n\t\t\t\t\n\t\t\t\tdata-grid=\"open\"\n\t\t\t\t\n\t\t\t\t\n\t\t\t\tstyle=\"display: none;\"\n\t\t\t><div class=\"forminator-response-message\" aria-hidden=\"true\"><\/div><div class=\"forminator-row\"><div id=\"name-1\" class=\"forminator-col forminator-col-12 \"><div class=\"forminator-field\"><label for=\"forminator-field-name-1\" class=\"forminator-label\">Nombre <span class=\"forminator-required\">*<\/span><\/label><input type=\"text\" name=\"name-1\" value=\"\" placeholder=\"\" id=\"forminator-field-name-1\" class=\"forminator-input forminator-name--field\" aria-required=\"true\" \/><\/div><\/div><\/div><div class=\"forminator-row\"><div id=\"phone-1\" class=\"forminator-col forminator-col-12 \"><div class=\"forminator-field\"><label for=\"forminator-field-phone-1\" class=\"forminator-label\">Tel\u00e9fono <span class=\"forminator-required\">*<\/span><\/label><input type=\"text\" name=\"phone-1\" value=\"\" placeholder=\"\" id=\"forminator-field-phone-1\" class=\"forminator-input forminator-field--phone\" data-required=\"1\" aria-required=\"true\" autocomplete=\"off\" \/><\/div><\/div><\/div><div class=\"forminator-row\"><div id=\"email-1\" class=\"forminator-col forminator-col-12 \"><div class=\"forminator-field\"><label for=\"forminator-field-email-1\" class=\"forminator-label\">Email <span class=\"forminator-required\">*<\/span><\/label><input type=\"email\" name=\"email-1\" value=\"\" placeholder=\"\" id=\"forminator-field-email-1\" class=\"forminator-input forminator-email--field\" data-required=\"true\" aria-required=\"true\" \/><\/div><\/div><\/div><div class=\"forminator-row\"><div id=\"textarea-1\" class=\"forminator-col forminator-col-12 \"><div class=\"forminator-field\"><label for=\"forminator-field-textarea-1\" class=\"forminator-label\">Mensaje<\/label><textarea name=\"textarea-1\" placeholder=\"\" id=\"forminator-field-textarea-1\" class=\"forminator-textarea\" height=\"50\" style=\"min-height:px;\" maxlength=\"180\" ><\/textarea><span class=\"forminator-description\"><span data-limit=\"180\" data-type=\"characters\">0 \/ 180<\/span><\/span><\/div><\/div><\/div><input type=\"hidden\" name=\"referer_url\" value=\"\" \/><div class=\"forminator-row forminator-row-last\"><div class=\"forminator-col\"><div id=\"submit\" class=\"forminator-field\"><button class=\"forminator-button forminator-button-submit\">Enviar Mensaje<\/button><\/div><\/div><\/div><input type=\"hidden\" id=\"forminator_nonce\" name=\"forminator_nonce\" value=\"1c63ad56aa\" \/><input type=\"hidden\" name=\"_wp_http_referer\" value=\"\/inicio\/wp-json\/wp\/v2\/pages\/38\" \/><input type=\"hidden\" name=\"form_id\" value=\"163\"><input type=\"hidden\" name=\"page_id\" value=\"38\"><input type=\"hidden\" name=\"form_type\" value=\"default\"><input type=\"hidden\" name=\"current_url\" value=\"https:\/\/www.barrasypuntos.com\/inicio\/wp-json\/wp\/v2\/pages\/38\/\"><input type=\"hidden\" name=\"render_id\" value=\"0\"><input type=\"hidden\" name=\"action\" value=\"forminator_submit_form_custom-forms\"><\/form>[\/vc_column_text][\/vc_column_inner][vc_column_inner width=\u00bb1\/3&#8243;][vc_column_text 0=\u00bb\u00bb]<\/p>\n<h3 style=\"text-align: center;\"><strong>Tels. de contacto<\/strong><\/h3>\n<h4 style=\"text-align: center;\"><a href=\"tel:3336558643\">33 36 55 86 43<\/a><\/h4>\n<h4 style=\"text-align: center;\"><a href=\"tel:3336659872\">33 36 65 98 72<\/a><\/h4>\n<p>&nbsp;<\/p>\n<h3 style=\"text-align: center;\"><strong>Horario<\/strong><\/h3>\n<h4 style=\"text-align: center;\">Lunes a Viernes<br \/>\n9 am &#8211; 2 pm<br \/>\n4 pm &#8211; 6 pm<\/h4>\n<p>[\/vc_column_text][\/vc_column_inner][vc_column_inner width=\u00bb1\/3&#8243;][vc_gmaps link=\u00bb#E-8_JTNDaWZyYW1lJTIwc3JjJTNEJTIyaHR0cHMlM0ElMkYlMkZ3d3cuZ29vZ2xlLmNvbSUyRm1hcHMlMkZlbWJlZCUzRnBiJTNEJTIxMW0xNCUyMTFtOCUyMTFtMyUyMTFkMjMzLjI5ODM1NjY0NjIzNDQ1JTIxMmQtMTAzLjMxNzA3OTU3Nzc2NDI1JTIxM2QyMC42Nzg3ODM1Mjk5MzE5OCUyMTNtMiUyMTFpMTAyNCUyMTJpNzY4JTIxNGYxMy4xJTIxM20zJTIxMW0yJTIxMXMweDg0MjhiMTgzNDc1OTQwN2YlMjUzQTB4NjdhMmJiNTMzYmE0ZGE1YiUyMTJzQmFycmFzJTI1MjBZJTI1MjBQdW50b3MlMjUyMFNhJTI1MjBEZSUyNTIwQ3YlMjE1ZTAlMjEzbTIlMjExc2VzJTIxMnNteCUyMTR2MTYxMjA3NDQzNTIwNiUyMTVtMiUyMTFzZXMlMjEyc214JTIyJTIwd2lkdGglM0QlMjI2MDAlMjIlMjBoZWlnaHQlM0QlMjI0NTAlMjIlMjBmcmFtZWJvcmRlciUzRCUyMjAlMjIlMjBzdHlsZSUzRCUyMmJvcmRlciUzQTAlM0IlMjIlMjBhbGxvd2Z1bGxzY3JlZW4lM0QlMjIlMjIlMjBhcmlhLWhpZGRlbiUzRCUyMmZhbHNlJTIyJTIwdGFiaW5kZXglM0QlMjIwJTIyJTNFJTNDJTJGaWZyYW1lJTNF\u00bb css_animation=\u00bbappear\u00bb][\/vc_column_inner][\/vc_row_inner][\/vc_column][\/vc_row]<\/p>\n","protected":false},"excerpt":{"rendered":"<p>[vc_row 0=\u00bb\u00bb][vc_column 0=\u00bb\u00bb][vc_empty_space][\/vc_column][\/vc_row][vc_row full_width=\u00bbstretch_row_content\u00bb content_placement=\u00bbmiddle\u00bb css=\u00bb.vc_custom_1771393167630{padding-right: 20px !important;padding-left: 20px !important;background-color: #f4eff0 !important;}\u00bb el_id=\u00bbid=nosotros\u00bb][vc_column width=\u00bb2\/3&#8243;][vc_column_text css_animation=\u00bbleft-to-right\u00bb] Somos una compa\u00f1\u00eda que se dedica a proveer a la industria<span class=\"excerpt-hellip\"> [\u2026]<\/span><\/p>\n","protected":false},"author":1,"featured_media":0,"parent":0,"menu_order":0,"comment_status":"closed","ping_status":"closed","template":"","meta":{"footnotes":""},"_links":{"self":[{"href":"https:\/\/www.barrasypuntos.com\/inicio\/wp-json\/wp\/v2\/pages\/38"}],"collection":[{"href":"https:\/\/www.barrasypuntos.com\/inicio\/wp-json\/wp\/v2\/pages"}],"about":[{"href":"https:\/\/www.barrasypuntos.com\/inicio\/wp-json\/wp\/v2\/types\/page"}],"author":[{"embeddable":true,"href":"https:\/\/www.barrasypuntos.com\/inicio\/wp-json\/wp\/v2\/users\/1"}],"replies":[{"embeddable":true,"href":"https:\/\/www.barrasypuntos.com\/inicio\/wp-json\/wp\/v2\/comments?post=38"}],"version-history":[{"count":109,"href":"https:\/\/www.barrasypuntos.com\/inicio\/wp-json\/wp\/v2\/pages\/38\/revisions"}],"predecessor-version":[{"id":229,"href":"https:\/\/www.barrasypuntos.com\/inicio\/wp-json\/wp\/v2\/pages\/38\/revisions\/229"}],"wp:attachment":[{"href":"https:\/\/www.barrasypuntos.com\/inicio\/wp-json\/wp\/v2\/media?parent=38"}],"curies":[{"name":"wp","href":"https:\/\/api.w.org\/{rel}","templated":true}]}}